{"id":108,"date":"2023-09-15T10:26:49","date_gmt":"2023-09-15T09:26:49","guid":{"rendered":"http:\/\/www.magneticode.com\/?page_id=108"},"modified":"2024-11-27T21:06:10","modified_gmt":"2024-11-27T20:06:10","slug":"profilo","status":"publish","type":"page","link":"https:\/\/www.magneticode.com\/it\/profilo\/","title":{"rendered":"Profilo"},"content":{"rendered":"<p>[et_pb_section fb_built=&#8221;1&#8243; _builder_version=&#8221;4.23&#8243; _module_preset=&#8221;default&#8221; custom_padding=&#8221;0px||||false|false&#8221; da_disable_devices=&#8221;off|off|off&#8221; global_colors_info=&#8221;{}&#8221; theme_builder_area=&#8221;post_content&#8221; da_is_popup=&#8221;off&#8221; da_exit_intent=&#8221;off&#8221; da_has_close=&#8221;on&#8221; da_alt_close=&#8221;off&#8221; da_dark_close=&#8221;off&#8221; da_not_modal=&#8221;on&#8221; da_is_singular=&#8221;off&#8221; da_with_loader=&#8221;off&#8221; da_has_shadow=&#8221;on&#8221;][et_pb_row column_structure=&#8221;1_2,1_2&#8243; _builder_version=&#8221;4.23&#8243; _module_preset=&#8221;default&#8221; custom_padding=&#8221;0px||||false|false&#8221; locked=&#8221;off&#8221; global_colors_info=&#8221;{}&#8221; theme_builder_area=&#8221;post_content&#8221;][et_pb_column type=&#8221;1_2&#8243; _builder_version=&#8221;4.23&#8243; _module_preset=&#8221;default&#8221; global_colors_info=&#8221;{}&#8221; theme_builder_area=&#8221;post_content&#8221;][et_pb_text _builder_version=&#8221;4.23&#8243; _module_preset=&#8221;4a33489c-f964-48e9-a0a8-b7cfd181b8d2&#8243; custom_margin=&#8221;||0px||false|false&#8221; global_colors_info=&#8221;{}&#8221; theme_builder_area=&#8221;post_content&#8221;]<\/p>\n<h2><span>Al fianco dei nostri clienti per accompagnarli nelle sfide tecnologiche.<\/span><\/h2>\n<p>[\/et_pb_text][\/et_pb_column][et_pb_column type=&#8221;1_2&#8243; _builder_version=&#8221;4.23&#8243; _module_preset=&#8221;default&#8221; global_colors_info=&#8221;{}&#8221; theme_builder_area=&#8221;post_content&#8221;][\/et_pb_column][\/et_pb_row][et_pb_row column_structure=&#8221;2_3,1_3&#8243; _builder_version=&#8221;4.23&#8243; _module_preset=&#8221;default&#8221; custom_padding=&#8221;0px||||false|false&#8221; global_colors_info=&#8221;{}&#8221; theme_builder_area=&#8221;post_content&#8221;][et_pb_column type=&#8221;2_3&#8243; _builder_version=&#8221;4.23&#8243; _module_preset=&#8221;default&#8221; global_colors_info=&#8221;{}&#8221; theme_builder_area=&#8221;post_content&#8221;][et_pb_text _builder_version=&#8221;4.23&#8243; _module_preset=&#8221;14301155-dece-46d8-97b3-2c31745c2d04&#8243; locked=&#8221;off&#8221; global_colors_info=&#8221;{}&#8221; theme_builder_area=&#8221;post_content&#8221;]<\/p>\n<p><span>Magneticode \u00e8 un\u2019azienda dedicata alla consulenza e allo sviluppo tecnologico. La nostra missione \u00e8 guidare i nostri clienti attraverso il complesso panorama tecnologico e aiutarli a ottenere il massimo dalla loro trasformazione digitale. Il cuore pulsante di Magneticode \u00e8 il nostro team di esperti altamente qualificati. Siamo orgogliosi della diversit\u00e0 delle competenze e delle prospettive che ogni membro del nostro team porta con s\u00e9. Questa diversit\u00e0 \u00e8 ci\u00f2 che ci permette di affrontare con successo una vasta gamma di sfide tecnologiche.<\/span><\/p>\n<p>[\/et_pb_text][\/et_pb_column][et_pb_column type=&#8221;1_3&#8243; _builder_version=&#8221;4.23&#8243; _module_preset=&#8221;default&#8221; global_colors_info=&#8221;{}&#8221; theme_builder_area=&#8221;post_content&#8221;][\/et_pb_column][\/et_pb_row][et_pb_row column_structure=&#8221;2_3,1_3&#8243; _builder_version=&#8221;4.23&#8243; _module_preset=&#8221;default&#8221; custom_padding=&#8221;0px||||false|false&#8221; border_color_all=&#8221;RGBA(255,255,255,0)&#8221; global_colors_info=&#8221;{}&#8221; theme_builder_area=&#8221;post_content&#8221;][et_pb_column type=&#8221;2_3&#8243; _builder_version=&#8221;4.23&#8243; _module_preset=&#8221;default&#8221; custom_padding=&#8221;20px|20px|20px|20px|false|false&#8221; border_radii=&#8221;on|10px|10px|10px|10px&#8221; border_width_all=&#8221;1px&#8221; border_color_all=&#8221;#000000&#8243; global_colors_info=&#8221;{}&#8221; theme_builder_area=&#8221;post_content&#8221;][et_pb_text _builder_version=&#8221;4.23&#8243; _module_preset=&#8221;default&#8221; header_3_font=&#8221;Poppins||||||||&#8221; header_3_font_size=&#8221;32px&#8221; background_image=&#8221;https:\/\/www.magneticode.com\/wp-content\/uploads\/2023\/10\/icn-vision.svg&#8221; background_size=&#8221;contain&#8221; background_position=&#8221;top_left&#8221; custom_margin=&#8221;||18px|||&#8221; custom_padding=&#8221;12px||0px|70px|false|false&#8221; global_colors_info=&#8221;{}&#8221; theme_builder_area=&#8221;post_content&#8221;]<\/p>\n<h3>Mission<\/h3>\n<p>[\/et_pb_text][et_pb_text _builder_version=&#8221;4.23.1&#8243; _module_preset=&#8221;default&#8221; theme_builder_area=&#8221;post_content&#8221;]<\/p>\n<p>Potenziare le aziende attraverso tecnologie innovative e soluzioni su misura<\/p>\n<p>[\/et_pb_text][et_pb_text _builder_version=&#8221;4.23&#8243; _module_preset=&#8221;14301155-dece-46d8-97b3-2c31745c2d04&#8243; locked=&#8221;off&#8221; global_colors_info=&#8221;{}&#8221; theme_builder_area=&#8221;post_content&#8221;]<\/p>\n<p>La nostra missione \u00e8 collaborare con i nostri clienti per affrontare e superare le sfide tecnologiche in ambiti come il cloud, l\u2019intelligenza artificiale e lo sviluppo software. Siamo al loro fianco per tradurre la loro visione in realt\u00e0, attraverso soluzioni su misura e supporto costante. Dedichiamo ogni giorno il nostro impegno alla loro crescita, trasformando la tecnologia in un motore per il successo.<\/p>\n<p>[\/et_pb_text][\/et_pb_column][et_pb_column type=&#8221;1_3&#8243; _builder_version=&#8221;4.23&#8243; _module_preset=&#8221;default&#8221; global_colors_info=&#8221;{}&#8221; theme_builder_area=&#8221;post_content&#8221;][\/et_pb_column][\/et_pb_row][et_pb_row column_structure=&#8221;2_3,1_3&#8243; _builder_version=&#8221;4.23&#8243; _module_preset=&#8221;default&#8221; custom_padding=&#8221;0px||||false|false&#8221; border_color_all=&#8221;RGBA(255,255,255,0)&#8221; global_colors_info=&#8221;{}&#8221; theme_builder_area=&#8221;post_content&#8221;][et_pb_column type=&#8221;2_3&#8243; _builder_version=&#8221;4.23&#8243; _module_preset=&#8221;default&#8221; custom_padding=&#8221;20px|20px|20px|20px|false|false&#8221; border_radii=&#8221;on|10px|10px|10px|10px&#8221; border_width_all=&#8221;1px&#8221; border_color_all=&#8221;#000000&#8243; global_colors_info=&#8221;{}&#8221; theme_builder_area=&#8221;post_content&#8221;][et_pb_text _builder_version=&#8221;4.23&#8243; _module_preset=&#8221;default&#8221; header_3_font=&#8221;Poppins||||||||&#8221; header_3_font_size=&#8221;32px&#8221; background_image=&#8221;https:\/\/www.magneticode.com\/wp-content\/uploads\/2023\/10\/icn-vision.svg&#8221; background_size=&#8221;contain&#8221; background_position=&#8221;top_left&#8221; custom_margin=&#8221;||18px|||&#8221; custom_padding=&#8221;12px||0px|70px|false|false&#8221; global_colors_info=&#8221;{}&#8221; theme_builder_area=&#8221;post_content&#8221;]<\/p>\n<h3>Vision<\/h3>\n<p>[\/et_pb_text][et_pb_text _builder_version=&#8221;4.23&#8243; _module_preset=&#8221;14301155-dece-46d8-97b3-2c31745c2d04&#8243; locked=&#8221;off&#8221; global_colors_info=&#8221;{}&#8221; theme_builder_area=&#8221;post_content&#8221;]<\/p>\n<p>Immaginiamo un mondo in cui la tecnologia sia il motore della crescita, semplificando processi complessi e trasformando le ambizioni in risultati concreti. La nostra vision \u00e8 essere il partner di riferimento per aziende che vogliono innovare, costruendo insieme un futuro digitale sostenibile, efficiente e orientato al successo. Puntiamo a creare un impatto positivo, non solo attraverso soluzioni tecnologiche avanzate, ma anche con un approccio etico, responsabile e orientato alle persone.<\/p>\n<p>[\/et_pb_text][\/et_pb_column][et_pb_column type=&#8221;1_3&#8243; _builder_version=&#8221;4.23&#8243; _module_preset=&#8221;default&#8221; global_colors_info=&#8221;{}&#8221; theme_builder_area=&#8221;post_content&#8221;][\/et_pb_column][\/et_pb_row][\/et_pb_section]<\/p>\n","protected":false},"excerpt":{"rendered":"<p>Mission &#038; Vision<\/p>\n","protected":false},"author":2,"featured_media":0,"parent":0,"menu_order":0,"comment_status":"closed","ping_status":"closed","template":"","meta":{"_et_pb_use_builder":"on","_et_pb_old_content":"","_et_gb_content_width":"","inline_featured_image":false,"footnotes":""},"class_list":["post-108","page","type-page","status-publish","hentry"],"yoast_head":"<!-- This site is optimized with the Yoast SEO plugin v25.4 - https:\/\/yoast.com\/wordpress\/plugins\/seo\/ -->\n<title>Profilo - Magneticode<\/title>\n<meta name=\"robots\" content=\"index, follow, max-snippet:-1, max-image-preview:large, max-video-preview:-1\" \/>\n<link rel=\"canonical\" href=\"https:\/\/www.magneticode.com\/it\/profilo\/\" \/>\n<meta property=\"og:locale\" content=\"it_IT\" \/>\n<meta property=\"og:type\" content=\"article\" \/>\n<meta property=\"og:title\" content=\"Profilo - Magneticode\" \/>\n<meta property=\"og:description\" content=\"Mission &amp; Vision\" \/>\n<meta property=\"og:url\" content=\"https:\/\/www.magneticode.com\/it\/profilo\/\" \/>\n<meta property=\"og:site_name\" content=\"Magneticode\" \/>\n<meta property=\"article:modified_time\" content=\"2024-11-27T20:06:10+00:00\" \/>\n<meta name=\"twitter:card\" content=\"summary_large_image\" \/>\n<meta name=\"twitter:label1\" content=\"Tempo di lettura stimato\" \/>\n\t<meta name=\"twitter:data1\" content=\"1 minuto\" \/>\n<script type=\"application\/ld+json\" class=\"yoast-schema-graph\">{\"@context\":\"https:\/\/schema.org\",\"@graph\":[{\"@type\":\"WebPage\",\"@id\":\"https:\/\/www.magneticode.com\/it\/profilo\/\",\"url\":\"https:\/\/www.magneticode.com\/it\/profilo\/\",\"name\":\"Profilo - Magneticode\",\"isPartOf\":{\"@id\":\"https:\/\/www.magneticode.com\/it\/#website\"},\"datePublished\":\"2023-09-15T09:26:49+00:00\",\"dateModified\":\"2024-11-27T20:06:10+00:00\",\"breadcrumb\":{\"@id\":\"https:\/\/www.magneticode.com\/it\/profilo\/#breadcrumb\"},\"inLanguage\":\"it-IT\",\"potentialAction\":[{\"@type\":\"ReadAction\",\"target\":[\"https:\/\/www.magneticode.com\/it\/profilo\/\"]}]},{\"@type\":\"BreadcrumbList\",\"@id\":\"https:\/\/www.magneticode.com\/it\/profilo\/#breadcrumb\",\"itemListElement\":[{\"@type\":\"ListItem\",\"position\":1,\"name\":\"Home\",\"item\":\"https:\/\/www.magneticode.com\/it\/\"},{\"@type\":\"ListItem\",\"position\":2,\"name\":\"Profilo\"}]},{\"@type\":\"WebSite\",\"@id\":\"https:\/\/www.magneticode.com\/it\/#website\",\"url\":\"https:\/\/www.magneticode.com\/it\/\",\"name\":\"Magneticode\",\"description\":\"perceptible power\",\"potentialAction\":[{\"@type\":\"SearchAction\",\"target\":{\"@type\":\"EntryPoint\",\"urlTemplate\":\"https:\/\/www.magneticode.com\/it\/?s={search_term_string}\"},\"query-input\":{\"@type\":\"PropertyValueSpecification\",\"valueRequired\":true,\"valueName\":\"search_term_string\"}}],\"inLanguage\":\"it-IT\"}]}<\/script>\n<!-- \/ Yoast SEO plugin. -->","yoast_head_json":{"title":"Profilo - Magneticode","robots":{"index":"index","follow":"follow","max-snippet":"max-snippet:-1","max-image-preview":"max-image-preview:large","max-video-preview":"max-video-preview:-1"},"canonical":"https:\/\/www.magneticode.com\/it\/profilo\/","og_locale":"it_IT","og_type":"article","og_title":"Profilo - Magneticode","og_description":"Mission & Vision","og_url":"https:\/\/www.magneticode.com\/it\/profilo\/","og_site_name":"Magneticode","article_modified_time":"2024-11-27T20:06:10+00:00","twitter_card":"summary_large_image","twitter_misc":{"Tempo di lettura stimato":"1 minuto"},"schema":{"@context":"https:\/\/schema.org","@graph":[{"@type":"WebPage","@id":"https:\/\/www.magneticode.com\/it\/profilo\/","url":"https:\/\/www.magneticode.com\/it\/profilo\/","name":"Profilo - Magneticode","isPartOf":{"@id":"https:\/\/www.magneticode.com\/it\/#website"},"datePublished":"2023-09-15T09:26:49+00:00","dateModified":"2024-11-27T20:06:10+00:00","breadcrumb":{"@id":"https:\/\/www.magneticode.com\/it\/profilo\/#breadcrumb"},"inLanguage":"it-IT","potentialAction":[{"@type":"ReadAction","target":["https:\/\/www.magneticode.com\/it\/profilo\/"]}]},{"@type":"BreadcrumbList","@id":"https:\/\/www.magneticode.com\/it\/profilo\/#breadcrumb","itemListElement":[{"@type":"ListItem","position":1,"name":"Home","item":"https:\/\/www.magneticode.com\/it\/"},{"@type":"ListItem","position":2,"name":"Profilo"}]},{"@type":"WebSite","@id":"https:\/\/www.magneticode.com\/it\/#website","url":"https:\/\/www.magneticode.com\/it\/","name":"Magneticode","description":"perceptible power","potentialAction":[{"@type":"SearchAction","target":{"@type":"EntryPoint","urlTemplate":"https:\/\/www.magneticode.com\/it\/?s={search_term_string}"},"query-input":{"@type":"PropertyValueSpecification","valueRequired":true,"valueName":"search_term_string"}}],"inLanguage":"it-IT"}]}},"_links":{"self":[{"href":"https:\/\/www.magneticode.com\/it\/wp-json\/wp\/v2\/pages\/108","targetHints":{"allow":["GET"]}}],"collection":[{"href":"https:\/\/www.magneticode.com\/it\/wp-json\/wp\/v2\/pages"}],"about":[{"href":"https:\/\/www.magneticode.com\/it\/wp-json\/wp\/v2\/types\/page"}],"author":[{"embeddable":true,"href":"https:\/\/www.magneticode.com\/it\/wp-json\/wp\/v2\/users\/2"}],"replies":[{"embeddable":true,"href":"https:\/\/www.magneticode.com\/it\/wp-json\/wp\/v2\/comments?post=108"}],"version-history":[{"count":20,"href":"https:\/\/www.magneticode.com\/it\/wp-json\/wp\/v2\/pages\/108\/revisions"}],"predecessor-version":[{"id":557,"href":"https:\/\/www.magneticode.com\/it\/wp-json\/wp\/v2\/pages\/108\/revisions\/557"}],"wp:attachment":[{"href":"https:\/\/www.magneticode.com\/it\/wp-json\/wp\/v2\/media?parent=108"}],"curies":[{"name":"wp","href":"https:\/\/api.w.org\/{rel}","templated":true}]}}