{"id":3,"date":"2023-07-12T09:32:52","date_gmt":"2023-07-12T09:32:52","guid":{"rendered":"http:\/\/www.magneticode.com\/?page_id=3"},"modified":"2025-07-10T18:08:20","modified_gmt":"2025-07-10T17:08:20","slug":"privacy-policy","status":"publish","type":"page","link":"https:\/\/www.magneticode.com\/it\/privacy-policy\/","title":{"rendered":"Privacy Policy"},"content":{"rendered":"<p>[et_pb_section fb_built=&#8221;1&#8243; admin_label=&#8221;section&#8221; _builder_version=&#8221;4.16&#8243; da_disable_devices=&#8221;off|off|off&#8221; global_colors_info=&#8221;{}&#8221; theme_builder_area=&#8221;post_content&#8221; da_is_popup=&#8221;off&#8221; da_exit_intent=&#8221;off&#8221; da_has_close=&#8221;on&#8221; da_alt_close=&#8221;off&#8221; da_dark_close=&#8221;off&#8221; da_not_modal=&#8221;on&#8221; da_is_singular=&#8221;off&#8221; da_with_loader=&#8221;off&#8221; da_has_shadow=&#8221;on&#8221;][et_pb_row admin_label=&#8221;row&#8221; _builder_version=&#8221;4.16&#8243; background_size=&#8221;initial&#8221; background_position=&#8221;top_left&#8221; background_repeat=&#8221;repeat&#8221; global_colors_info=&#8221;{}&#8221; theme_builder_area=&#8221;post_content&#8221;][et_pb_column type=&#8221;4_4&#8243; _builder_version=&#8221;4.16&#8243; custom_padding=&#8221;|||&#8221; global_colors_info=&#8221;{}&#8221; custom_padding__hover=&#8221;|||&#8221; theme_builder_area=&#8221;post_content&#8221;][et_pb_text admin_label=&#8221;Text&#8221; _builder_version=&#8221;4.27.4&#8243; background_size=&#8221;initial&#8221; background_position=&#8221;top_left&#8221; background_repeat=&#8221;repeat&#8221; global_colors_info=&#8221;{}&#8221; theme_builder_area=&#8221;post_content&#8221;]<\/p>\n<p>&nbsp;<\/p>\n<h2>Privacy Policy di Magneticode<\/h2>\n<p data-start=\"470\" data-end=\"502\"><strong data-start=\"470\" data-end=\"495\">Ultimo aggiornamento:<\/strong> 10\/07\/2025<\/p>\n<p data-start=\"113\" data-end=\"281\">La presente informativa \u00e8 resa in conformit\u00e0 a quanto stabilito dall\u2019art. 13 del Regolamento Generale sulla Protezione dei Dati Personali (Reg. UE 2016\/679 \u2013 cd. GDPR).<\/p>\n<p data-start=\"283\" data-end=\"476\">Essa contiene tutte le informazioni circa le modalit\u00e0, le finalit\u00e0 e i tempi del trattamento dei dati personali degli Utenti, nonch\u00e9 i diritti di questi ultimi e come possono essere esercitati.<\/p>\n<p data-start=\"478\" data-end=\"660\">La presente informativa non \u00e8 valida per altri siti web eventualmente consultabili tramite i link presenti e per i quali si invita a prendere visione della rispettiva privacy policy.<\/p>\n<p>Magneticode (\u201cnoi\u201d, \u201cnostro\u201d o \u201cci\u201d) si impegna a proteggere e rispettare la tua privacy. La presente Privacy Policy descrive come raccogliamo, utilizziamo, conserviamo e proteggiamo i dati personali che ci fornisci visitando e utilizzando il sito web <a data-start=\"756\" data-end=\"784\" rel=\"noopener\" target=\"_new\" class=\"\" href=\"https:\/\/www.magneticode.com\/\">https:\/\/www.magneticode.com\/<\/a> (\u201cSito\u201d).<\/p>\n<p data-start=\"796\" data-end=\"918\">Ti invitiamo a leggere attentamente questa informativa per comprendere le nostre pratiche riguardo ai tuoi dati personali.<\/p>\n<p>&nbsp;<\/p>\n<h3 data-start=\"667\" data-end=\"707\">1. CHE COSA SONO I DATI PERSONALI?<\/h3>\n<p data-start=\"708\" data-end=\"1065\">Il termine \u201cdati personali\u201d si riferisce a tutte le informazioni inerenti una persona fisica (le sue caratteristiche, le sue abitudini, il suo stile di vita, le sue relazioni personali, il suo stato di salute, la sua situazione economica etc.) che permettono di identificarla, presi da soli o attraverso la loro combinazione (art. 4, par. 1, punto 1, GDPR).<\/p>\n<p data-start=\"1067\" data-end=\"1431\">I dati personali che identificano una persona fisica in modo diretto sono, ad esempio, i dati personali anagrafici (nome e cognome) e le immagini. I dati personali che identificano una persona fisica in modo indiretto sono, ad esempio, il numero di telefono, il codice fiscale, l&#8217;indirizzo IP, l\u2019e.mail, il numero di targa, gli estremi della carta di credito, etc.<\/p>\n<p data-start=\"1433\" data-end=\"1911\">Accanto ai dati personali cd. \u201ccomuni\u201d (quelli cio\u00e8 che abbiamo indicato sopra e che sono riferibili anche ad enti \u2013 pubblici e privati \u2013 associazioni e societ\u00e0), ci sono i cd. dati personali \u201cparticolari\u201d, ex sensibili, quelli cio\u00e8 relativi alla salute, alla vita o orientamento sessuale, i dati genetici, i dati biometrici, quelli che rivelano l&#8217;origine razziale od etnica, le convinzioni religiose e filosofiche, le opinioni politiche, l&#8217;appartenenza sindacale (art. 9 GDPR).<\/p>\n<p data-start=\"1913\" data-end=\"2070\">I cd. dati personali \u201cgiudiziari\u201d sono invece quelli che rivelano condanne penali, misure di sicurezza o la qualit\u00e0 di imputato o di indagato (art. 10 GDPR).<\/p>\n<hr data-start=\"2072\" data-end=\"2075\" \/>\n<h3 data-start=\"2077\" data-end=\"2124\">2. QUALI DATI PERSONALI VENGONO TRATTATI?<\/h3>\n<ul data-start=\"2125\" data-end=\"2904\">\n<li data-start=\"2125\" data-end=\"2307\">\n<p data-start=\"2127\" data-end=\"2307\">Dati personali forniti dagli Utenti compilando volontariamente i form presenti sul sito, quali nome, cognome, e-mail, telefono o altri dati necessari a rispondere alle richieste.<\/p>\n<\/li>\n<li data-start=\"2308\" data-end=\"2781\">\n<p data-start=\"2310\" data-end=\"2781\">Dati di navigazione e anonimi, raccolti con modalit\u00e0 automatiche, esclusivamente al fine di ottenere informazioni statistiche anonime relative all\u2019uso del Sito (tra cui, a titolo esemplificativo, indirizzi IP, orari di navigazione, dati geografici e altri parametri relativi al sistema operativo e all&#8217;ambiente informatico dell&#8217;Utente), nonch\u00e9 per motivi di sicurezza e accertamento di responsabilit\u00e0 ove si realizzassero reati informatici ai danni del sito o di terzi.<\/p>\n<\/li>\n<li data-start=\"2782\" data-end=\"2904\">\n<p data-start=\"2784\" data-end=\"2904\">Cookie. Questo Sito raccoglie dati personali attraverso cookie. Per maggiori informazioni leggi la nostra Cookie Policy.<\/p>\n<\/li>\n<\/ul>\n<hr data-start=\"2906\" data-end=\"2909\" \/>\n<h3 data-start=\"2911\" data-end=\"2948\">3. CHI TRATTA I DATI PERSONALI?<\/h3>\n<p data-start=\"2949\" data-end=\"3184\">I dati personali degli Utenti sono trattati da Magneticode s.r.l. con sede legale in Via Piero Gherardi 6, 00125 Roma (RM), P. IVA IT16937321004, email di contatto <a data-start=\"3163\" data-end=\"3183\" class=\"cursor-pointer\" rel=\"noopener\">info@magneticode.com<\/a>.<\/p>\n<p data-start=\"3186\" data-end=\"3320\">Il trattamento \u00e8 effettuato dal titolare e dai responsabili del trattamento nominati, che operano sotto la direzione di Magneticode.<\/p>\n<hr data-start=\"3322\" data-end=\"3325\" \/>\n<h3 data-start=\"3327\" data-end=\"3389\">4. PER QUALI FINALIT\u00c0 VENGONO RACCOLTI I DATI PERSONALI?<\/h3>\n<p data-start=\"3390\" data-end=\"3472\">I dati forniti volontariamente dagli Utenti vengono trattati esclusivamente per:<\/p>\n<ul data-start=\"3473\" data-end=\"3804\">\n<li data-start=\"3473\" data-end=\"3540\">\n<p data-start=\"3475\" data-end=\"3540\">Gestire le richieste e comunicazioni pervenute tramite il sito;<\/p>\n<\/li>\n<li data-start=\"3541\" data-end=\"3602\">\n<p data-start=\"3543\" data-end=\"3602\">Fornire servizi e risposte personalizzate alle richieste;<\/p>\n<\/li>\n<li data-start=\"3603\" data-end=\"3687\">\n<p data-start=\"3605\" data-end=\"3687\">Inviare comunicazioni informative e promozionali, previo consenso ove richiesto;<\/p>\n<\/li>\n<li data-start=\"3688\" data-end=\"3756\">\n<p data-start=\"3690\" data-end=\"3756\">Analizzare e migliorare il funzionamento del sito e dei servizi;<\/p>\n<\/li>\n<li data-start=\"3757\" data-end=\"3804\">\n<p data-start=\"3759\" data-end=\"3804\">Adempiere a obblighi di legge o contrattuali.<\/p>\n<\/li>\n<\/ul>\n<p data-start=\"3806\" data-end=\"3970\">La base giuridica del trattamento \u00e8 il consenso dell\u2019Utente, l\u2019esecuzione di un contratto o l\u2019adempimento di obblighi legali, o il legittimo interesse del titolare.<\/p>\n<hr data-start=\"3972\" data-end=\"3975\" \/>\n<h3 data-start=\"3977\" data-end=\"4035\">5. DOVE SONO TRATTATI E CONSERVATI I DATI PERSONALI?<\/h3>\n<p data-start=\"4036\" data-end=\"4218\">I dati personali sono trattati presso la sede legale di Magneticode s.r.l., in Via Giorgio de Lullo 55A, Roma, e presso eventuali sedi di responsabili esterni debitamente nominati.<\/p>\n<p data-start=\"4220\" data-end=\"4357\">I dati sono trattati con modalit\u00e0 manuali e informatiche, adottando misure di sicurezza adeguate per garantirne riservatezza e integrit\u00e0.<\/p>\n<hr data-start=\"4359\" data-end=\"4362\" \/>\n<h3 data-start=\"4364\" data-end=\"4426\">6. PER QUANTO TEMPO SARANNO CONSERVATI I DATI PERSONALI?<\/h3>\n<p data-start=\"4427\" data-end=\"4686\">I dati saranno conservati per il tempo strettamente necessario a conseguire le finalit\u00e0 per cui sono stati raccolti e comunque non oltre i termini previsti dalla normativa vigente. In caso di consenso per comunicazioni commerciali, fino a revoca dello stesso.<\/p>\n<hr data-start=\"4688\" data-end=\"4691\" \/>\n<h3 data-start=\"4693\" data-end=\"4708\">7. MINORI<\/h3>\n<p data-start=\"4709\" data-end=\"4857\">Il sito non \u00e8 diretto a soggetti di et\u00e0 inferiore ai 14 anni e non raccoglie consapevolmente dati di minori senza il consenso dei genitori o tutori.<\/p>\n<hr data-start=\"4859\" data-end=\"4862\" \/>\n<h3 data-start=\"4864\" data-end=\"4906\">8. QUALI SONO I DIRITTI DELL&#8217;UTENTE?<\/h3>\n<p data-start=\"4907\" data-end=\"4932\">L\u2019Utente ha diritto di:<\/p>\n<ul data-start=\"4933\" data-end=\"5180\">\n<li data-start=\"4933\" data-end=\"4963\">\n<p data-start=\"4935\" data-end=\"4963\">Accesso ai dati personali;<\/p>\n<\/li>\n<li data-start=\"4964\" data-end=\"4994\">\n<p data-start=\"4966\" data-end=\"4994\">Rettifica o cancellazione;<\/p>\n<\/li>\n<li data-start=\"4995\" data-end=\"5040\">\n<p data-start=\"4997\" data-end=\"5040\">Limitazione o opposizione al trattamento;<\/p>\n<\/li>\n<li data-start=\"5041\" data-end=\"5066\">\n<p data-start=\"5043\" data-end=\"5066\">Portabilit\u00e0 dei dati;<\/p>\n<\/li>\n<li data-start=\"5067\" data-end=\"5112\">\n<p data-start=\"5069\" data-end=\"5112\">Revoca del consenso in qualsiasi momento;<\/p>\n<\/li>\n<li data-start=\"5113\" data-end=\"5180\">\n<p data-start=\"5115\" data-end=\"5180\">Proporre reclamo all\u2019Autorit\u00e0 Garante per la Protezione dei Dati.<\/p>\n<\/li>\n<\/ul>\n<p data-start=\"5182\" data-end=\"5246\">Per esercitare tali diritti pu\u00f2 scrivere a <a data-start=\"5225\" data-end=\"5245\" class=\"cursor-pointer\" rel=\"noopener\">info@magneticode.com<\/a>.<\/p>\n<hr data-start=\"5248\" data-end=\"5251\" \/>\n<h3 data-start=\"5253\" data-end=\"5301\">9. COME VENGONO PROTETTI I DATI PERSONALI?<\/h3>\n<p data-start=\"5302\" data-end=\"5498\">Magneticode adotta misure tecniche e organizzative adeguate per garantire la sicurezza dei dati, inclusa la trasmissione sicura tramite protocollo HTTPS e la protezione da accessi non autorizzati.<\/p>\n<hr data-start=\"5500\" data-end=\"5503\" \/>\n<h3 data-start=\"5505\" data-end=\"5540\">10. MODIFICHE ALL&#8217;INFORMATIVA<\/h3>\n<p data-start=\"5541\" data-end=\"5658\">Eventuali modifiche alla presente informativa saranno pubblicate su questo sito per mantenerne aggiornati gli utenti.<\/p>\n<p>&nbsp;<\/p>\n<p>[\/et_pb_text][\/et_pb_column][\/et_pb_row][\/et_pb_section]<\/p>\n","protected":false},"excerpt":{"rendered":"<p>&nbsp; Privacy Policy di Magneticode Ultimo aggiornamento: 10\/07\/2025 La presente informativa \u00e8 resa in conformit\u00e0 a quanto stabilito dall\u2019art. 13 del Regolamento Generale sulla Protezione dei Dati Personali (Reg. UE 2016\/679 \u2013 cd. GDPR). Essa contiene tutte le informazioni circa le modalit\u00e0, le finalit\u00e0 e i tempi del trattamento dei dati personali degli Utenti, nonch\u00e9 [&hellip;]<\/p>\n","protected":false},"author":1,"featured_media":0,"parent":0,"menu_order":0,"comment_status":"closed","ping_status":"open","template":"","meta":{"_et_pb_use_builder":"on","_et_pb_old_content":"<!-- wp:heading --><h2>Who we are<\/h2><!-- \/wp:heading --><!-- wp:paragraph --><p><strong class=\"privacy-policy-tutorial\">Suggested text: <\/strong>Our website address is: http:\/\/www.magneticode.com.<\/p><!-- \/wp:paragraph --><!-- wp:heading --><h2>Comments<\/h2><!-- \/wp:heading --><!-- wp:paragraph --><p><strong class=\"privacy-policy-tutorial\">Suggested text: <\/strong>When visitors leave comments on the site we collect the data shown in the comments form, and also the visitor&#8217;s IP address and browser user agent string to help spam detection.<\/p><!-- \/wp:paragraph --><!-- wp:paragraph --><p>An anonymized string created from your email address (also called a hash) may be provided to the Gravatar service to see if you are using it. The Gravatar service privacy policy is available here: https:\/\/automattic.com\/privacy\/. After approval of your comment, your profile picture is visible to the public in the context of your comment.<\/p><!-- \/wp:paragraph --><!-- wp:heading --><h2>Media<\/h2><!-- \/wp:heading --><!-- wp:paragraph --><p><strong class=\"privacy-policy-tutorial\">Suggested text: <\/strong>If you upload images to the website, you should avoid uploading images with embedded location data (EXIF GPS) included. Visitors to the website can download and extract any location data from images on the website.<\/p><!-- \/wp:paragraph --><!-- wp:heading --><h2>Cookies<\/h2><!-- \/wp:heading --><!-- wp:paragraph --><p><strong class=\"privacy-policy-tutorial\">Suggested text: <\/strong>If you leave a comment on our site you may opt-in to saving your name, email address and website in cookies. These are for your convenience so that you do not have to fill in your details again when you leave another comment. These cookies will last for one year.<\/p><!-- \/wp:paragraph --><!-- wp:paragraph --><p>If you visit our login page, we will set a temporary cookie to determine if your browser accepts cookies. This cookie contains no personal data and is discarded when you close your browser.<\/p><!-- \/wp:paragraph --><!-- wp:paragraph --><p>When you log in, we will also set up several cookies to save your login information and your screen display choices. Login cookies last for two days, and screen options cookies last for a year. If you select &quot;Remember Me&quot;, your login will persist for two weeks. If you log out of your account, the login cookies will be removed.<\/p><!-- \/wp:paragraph --><!-- wp:paragraph --><p>If you edit or publish an article, an additional cookie will be saved in your browser. This cookie includes no personal data and simply indicates the post ID of the article you just edited. It expires after 1 day.<\/p><!-- \/wp:paragraph --><!-- wp:heading --><h2>Embedded content from other websites<\/h2><!-- \/wp:heading --><!-- wp:paragraph --><p><strong class=\"privacy-policy-tutorial\">Suggested text: <\/strong>Articles on this site may include embedded content (e.g. videos, images, articles, etc.). Embedded content from other websites behaves in the exact same way as if the visitor has visited the other website.<\/p><!-- \/wp:paragraph --><!-- wp:paragraph --><p>These websites may collect data about you, use cookies, embed additional third-party tracking, and monitor your interaction with that embedded content, including tracking your interaction with the embedded content if you have an account and are logged in to that website.<\/p><!-- \/wp:paragraph --><!-- wp:heading --><h2>Who we share your data with<\/h2><!-- \/wp:heading --><!-- wp:paragraph --><p><strong class=\"privacy-policy-tutorial\">Suggested text: <\/strong>If you request a password reset, your IP address will be included in the reset email.<\/p><!-- \/wp:paragraph --><!-- wp:heading --><h2>How long we retain your data<\/h2><!-- \/wp:heading --><!-- wp:paragraph --><p><strong class=\"privacy-policy-tutorial\">Suggested text: <\/strong>If you leave a comment, the comment and its metadata are retained indefinitely. This is so we can recognize and approve any follow-up comments automatically instead of holding them in a moderation queue.<\/p><!-- \/wp:paragraph --><!-- wp:paragraph --><p>For users that register on our website (if any), we also store the personal information they provide in their user profile. All users can see, edit, or delete their personal information at any time (except they cannot change their username). Website administrators can also see and edit that information.<\/p><!-- \/wp:paragraph --><!-- wp:heading --><h2>What rights you have over your data<\/h2><!-- \/wp:heading --><!-- wp:paragraph --><p><strong class=\"privacy-policy-tutorial\">Suggested text: <\/strong>If you have an account on this site, or have left comments, you can request to receive an exported file of the personal data we hold about you, including any data you have provided to us. You can also request that we erase any personal data we hold about you. This does not include any data we are obliged to keep for administrative, legal, or security purposes.<\/p><!-- \/wp:paragraph --><!-- wp:heading --><h2>Where your data is sent<\/h2><!-- \/wp:heading --><!-- wp:paragraph --><p><strong class=\"privacy-policy-tutorial\">Suggested text: <\/strong>Visitor comments may be checked through an automated spam detection service.<\/p><!-- \/wp:paragraph -->","_et_gb_content_width":"1400","inline_featured_image":false,"footnotes":""},"class_list":["post-3","page","type-page","status-publish","hentry"],"yoast_head":"<!-- This site is optimized with the Yoast SEO plugin v25.4 - https:\/\/yoast.com\/wordpress\/plugins\/seo\/ -->\n<title>Privacy Policy - Magneticode<\/title>\n<meta name=\"robots\" content=\"index, follow, max-snippet:-1, max-image-preview:large, max-video-preview:-1\" \/>\n<link rel=\"canonical\" href=\"https:\/\/www.magneticode.com\/it\/privacy-policy\/\" \/>\n<meta property=\"og:locale\" content=\"it_IT\" \/>\n<meta property=\"og:type\" content=\"article\" \/>\n<meta property=\"og:title\" content=\"Privacy Policy - Magneticode\" \/>\n<meta property=\"og:description\" content=\"&nbsp; Privacy Policy di Magneticode Ultimo aggiornamento: 10\/07\/2025 La presente informativa \u00e8 resa in conformit\u00e0 a quanto stabilito dall\u2019art. 13 del Regolamento Generale sulla Protezione dei Dati Personali (Reg. UE 2016\/679 \u2013 cd. GDPR). Essa contiene tutte le informazioni circa le modalit\u00e0, le finalit\u00e0 e i tempi del trattamento dei dati personali degli Utenti, nonch\u00e9 [&hellip;]\" \/>\n<meta property=\"og:url\" content=\"https:\/\/www.magneticode.com\/it\/privacy-policy\/\" \/>\n<meta property=\"og:site_name\" content=\"Magneticode\" \/>\n<meta property=\"article:modified_time\" content=\"2025-07-10T17:08:20+00:00\" \/>\n<meta name=\"twitter:card\" content=\"summary_large_image\" \/>\n<meta name=\"twitter:label1\" content=\"Tempo di lettura stimato\" \/>\n\t<meta name=\"twitter:data1\" content=\"5 minuti\" \/>\n<script type=\"application\/ld+json\" class=\"yoast-schema-graph\">{\"@context\":\"https:\/\/schema.org\",\"@graph\":[{\"@type\":\"WebPage\",\"@id\":\"https:\/\/www.magneticode.com\/it\/privacy-policy\/\",\"url\":\"https:\/\/www.magneticode.com\/it\/privacy-policy\/\",\"name\":\"Privacy Policy - Magneticode\",\"isPartOf\":{\"@id\":\"https:\/\/www.magneticode.com\/it\/#website\"},\"datePublished\":\"2023-07-12T09:32:52+00:00\",\"dateModified\":\"2025-07-10T17:08:20+00:00\",\"breadcrumb\":{\"@id\":\"https:\/\/www.magneticode.com\/it\/privacy-policy\/#breadcrumb\"},\"inLanguage\":\"it-IT\",\"potentialAction\":[{\"@type\":\"ReadAction\",\"target\":[\"https:\/\/www.magneticode.com\/it\/privacy-policy\/\"]}]},{\"@type\":\"BreadcrumbList\",\"@id\":\"https:\/\/www.magneticode.com\/it\/privacy-policy\/#breadcrumb\",\"itemListElement\":[{\"@type\":\"ListItem\",\"position\":1,\"name\":\"Home\",\"item\":\"https:\/\/www.magneticode.com\/it\/\"},{\"@type\":\"ListItem\",\"position\":2,\"name\":\"Privacy Policy\"}]},{\"@type\":\"WebSite\",\"@id\":\"https:\/\/www.magneticode.com\/it\/#website\",\"url\":\"https:\/\/www.magneticode.com\/it\/\",\"name\":\"Magneticode\",\"description\":\"perceptible power\",\"potentialAction\":[{\"@type\":\"SearchAction\",\"target\":{\"@type\":\"EntryPoint\",\"urlTemplate\":\"https:\/\/www.magneticode.com\/it\/?s={search_term_string}\"},\"query-input\":{\"@type\":\"PropertyValueSpecification\",\"valueRequired\":true,\"valueName\":\"search_term_string\"}}],\"inLanguage\":\"it-IT\"}]}<\/script>\n<!-- \/ Yoast SEO plugin. -->","yoast_head_json":{"title":"Privacy Policy - Magneticode","robots":{"index":"index","follow":"follow","max-snippet":"max-snippet:-1","max-image-preview":"max-image-preview:large","max-video-preview":"max-video-preview:-1"},"canonical":"https:\/\/www.magneticode.com\/it\/privacy-policy\/","og_locale":"it_IT","og_type":"article","og_title":"Privacy Policy - Magneticode","og_description":"&nbsp; Privacy Policy di Magneticode Ultimo aggiornamento: 10\/07\/2025 La presente informativa \u00e8 resa in conformit\u00e0 a quanto stabilito dall\u2019art. 13 del Regolamento Generale sulla Protezione dei Dati Personali (Reg. UE 2016\/679 \u2013 cd. GDPR). Essa contiene tutte le informazioni circa le modalit\u00e0, le finalit\u00e0 e i tempi del trattamento dei dati personali degli Utenti, nonch\u00e9 [&hellip;]","og_url":"https:\/\/www.magneticode.com\/it\/privacy-policy\/","og_site_name":"Magneticode","article_modified_time":"2025-07-10T17:08:20+00:00","twitter_card":"summary_large_image","twitter_misc":{"Tempo di lettura stimato":"5 minuti"},"schema":{"@context":"https:\/\/schema.org","@graph":[{"@type":"WebPage","@id":"https:\/\/www.magneticode.com\/it\/privacy-policy\/","url":"https:\/\/www.magneticode.com\/it\/privacy-policy\/","name":"Privacy Policy - Magneticode","isPartOf":{"@id":"https:\/\/www.magneticode.com\/it\/#website"},"datePublished":"2023-07-12T09:32:52+00:00","dateModified":"2025-07-10T17:08:20+00:00","breadcrumb":{"@id":"https:\/\/www.magneticode.com\/it\/privacy-policy\/#breadcrumb"},"inLanguage":"it-IT","potentialAction":[{"@type":"ReadAction","target":["https:\/\/www.magneticode.com\/it\/privacy-policy\/"]}]},{"@type":"BreadcrumbList","@id":"https:\/\/www.magneticode.com\/it\/privacy-policy\/#breadcrumb","itemListElement":[{"@type":"ListItem","position":1,"name":"Home","item":"https:\/\/www.magneticode.com\/it\/"},{"@type":"ListItem","position":2,"name":"Privacy Policy"}]},{"@type":"WebSite","@id":"https:\/\/www.magneticode.com\/it\/#website","url":"https:\/\/www.magneticode.com\/it\/","name":"Magneticode","description":"perceptible power","potentialAction":[{"@type":"SearchAction","target":{"@type":"EntryPoint","urlTemplate":"https:\/\/www.magneticode.com\/it\/?s={search_term_string}"},"query-input":{"@type":"PropertyValueSpecification","valueRequired":true,"valueName":"search_term_string"}}],"inLanguage":"it-IT"}]}},"_links":{"self":[{"href":"https:\/\/www.magneticode.com\/it\/wp-json\/wp\/v2\/pages\/3","targetHints":{"allow":["GET"]}}],"collection":[{"href":"https:\/\/www.magneticode.com\/it\/wp-json\/wp\/v2\/pages"}],"about":[{"href":"https:\/\/www.magneticode.com\/it\/wp-json\/wp\/v2\/types\/page"}],"author":[{"embeddable":true,"href":"https:\/\/www.magneticode.com\/it\/wp-json\/wp\/v2\/users\/1"}],"replies":[{"embeddable":true,"href":"https:\/\/www.magneticode.com\/it\/wp-json\/wp\/v2\/comments?post=3"}],"version-history":[{"count":6,"href":"https:\/\/www.magneticode.com\/it\/wp-json\/wp\/v2\/pages\/3\/revisions"}],"predecessor-version":[{"id":612,"href":"https:\/\/www.magneticode.com\/it\/wp-json\/wp\/v2\/pages\/3\/revisions\/612"}],"wp:attachment":[{"href":"https:\/\/www.magneticode.com\/it\/wp-json\/wp\/v2\/media?parent=3"}],"curies":[{"name":"wp","href":"https:\/\/api.w.org\/{rel}","templated":true}]}}